{"id":25607,"date":"2021-02-05T11:12:40","date_gmt":"2021-02-05T10:12:40","guid":{"rendered":"https:\/\/www.bilbaodendak.eus\/bilbao-wifi\/"},"modified":"2021-03-11T11:03:09","modified_gmt":"2021-03-11T10:03:09","slug":"bilbao-wifi","status":"publish","type":"page","link":"https:\/\/www.bilbaodendak.eus\/eu\/bilbao-wifi\/","title":{"rendered":"Bilbao Wifi"},"content":{"rendered":"\t\t<div data-elementor-type=\"wp-page\" data-elementor-id=\"25607\" class=\"elementor elementor-25607\" data-elementor-post-type=\"page\">\n\t\t\t\t\t\t<section class=\"elementor-section elementor-top-section elementor-element elementor-element-66d38dc elementor-section-stretched elementor-section-boxed elementor-section-height-default elementor-section-height-default\" data-id=\"66d38dc\" data-element_type=\"section\" data-e-type=\"section\" data-settings=\"{&quot;background_background&quot;:&quot;classic&quot;,&quot;jet_parallax_layout_list&quot;:[{&quot;_id&quot;:&quot;1aafc10&quot;,&quot;jet_parallax_layout_image&quot;:{&quot;url&quot;:&quot;&quot;,&quot;id&quot;:&quot;&quot;,&quot;size&quot;:&quot;&quot;},&quot;jet_parallax_layout_image_tablet&quot;:{&quot;url&quot;:&quot;&quot;,&quot;id&quot;:&quot;&quot;,&quot;size&quot;:&quot;&quot;},&quot;jet_parallax_layout_image_mobile&quot;:{&quot;url&quot;:&quot;&quot;,&quot;id&quot;:&quot;&quot;,&quot;size&quot;:&quot;&quot;},&quot;jet_parallax_layout_speed&quot;:{&quot;unit&quot;:&quot;%&quot;,&quot;size&quot;:50,&quot;sizes&quot;:[]},&quot;jet_parallax_layout_type&quot;:&quot;scroll&quot;,&quot;jet_parallax_layout_direction&quot;:&quot;1&quot;,&quot;jet_parallax_layout_fx_direction&quot;:null,&quot;jet_parallax_layout_z_index&quot;:&quot;&quot;,&quot;jet_parallax_layout_bg_x&quot;:50,&quot;jet_parallax_layout_bg_x_tablet&quot;:&quot;&quot;,&quot;jet_parallax_layout_bg_x_mobile&quot;:&quot;&quot;,&quot;jet_parallax_layout_bg_y&quot;:50,&quot;jet_parallax_layout_bg_y_tablet&quot;:&quot;&quot;,&quot;jet_parallax_layout_bg_y_mobile&quot;:&quot;&quot;,&quot;jet_parallax_layout_bg_size&quot;:&quot;auto&quot;,&quot;jet_parallax_layout_bg_size_tablet&quot;:&quot;&quot;,&quot;jet_parallax_layout_bg_size_mobile&quot;:&quot;&quot;,&quot;jet_parallax_layout_animation_prop&quot;:&quot;transform&quot;,&quot;jet_parallax_layout_on&quot;:[&quot;desktop&quot;,&quot;tablet&quot;]}],&quot;stretch_section&quot;:&quot;section-stretched&quot;}\">\n\t\t\t\t\t\t<div class=\"elementor-container elementor-column-gap-no\">\n\t\t\t\t\t<div class=\"elementor-column elementor-col-100 elementor-top-column elementor-element elementor-element-75c3a9e\" data-id=\"75c3a9e\" data-element_type=\"column\" data-e-type=\"column\">\n\t\t\t<div class=\"elementor-widget-wrap elementor-element-populated\">\n\t\t\t\t\t\t<section class=\"elementor-section elementor-inner-section elementor-element elementor-element-55aacd3 elementor-section-full_width elementor-section-height-default elementor-section-height-default\" data-id=\"55aacd3\" data-element_type=\"section\" data-e-type=\"section\" data-settings=\"{&quot;jet_parallax_layout_list&quot;:[{&quot;jet_parallax_layout_image&quot;:{&quot;url&quot;:&quot;&quot;,&quot;id&quot;:&quot;&quot;,&quot;size&quot;:&quot;&quot;},&quot;_id&quot;:&quot;477468d&quot;,&quot;jet_parallax_layout_image_tablet&quot;:{&quot;url&quot;:&quot;&quot;,&quot;id&quot;:&quot;&quot;,&quot;size&quot;:&quot;&quot;},&quot;jet_parallax_layout_image_mobile&quot;:{&quot;url&quot;:&quot;&quot;,&quot;id&quot;:&quot;&quot;,&quot;size&quot;:&quot;&quot;},&quot;jet_parallax_layout_speed&quot;:{&quot;unit&quot;:&quot;%&quot;,&quot;size&quot;:50,&quot;sizes&quot;:[]},&quot;jet_parallax_layout_type&quot;:&quot;scroll&quot;,&quot;jet_parallax_layout_direction&quot;:&quot;1&quot;,&quot;jet_parallax_layout_fx_direction&quot;:null,&quot;jet_parallax_layout_z_index&quot;:&quot;&quot;,&quot;jet_parallax_layout_bg_x&quot;:50,&quot;jet_parallax_layout_bg_x_tablet&quot;:&quot;&quot;,&quot;jet_parallax_layout_bg_x_mobile&quot;:&quot;&quot;,&quot;jet_parallax_layout_bg_y&quot;:50,&quot;jet_parallax_layout_bg_y_tablet&quot;:&quot;&quot;,&quot;jet_parallax_layout_bg_y_mobile&quot;:&quot;&quot;,&quot;jet_parallax_layout_bg_size&quot;:&quot;auto&quot;,&quot;jet_parallax_layout_bg_size_tablet&quot;:&quot;&quot;,&quot;jet_parallax_layout_bg_size_mobile&quot;:&quot;&quot;,&quot;jet_parallax_layout_animation_prop&quot;:&quot;transform&quot;,&quot;jet_parallax_layout_on&quot;:[&quot;desktop&quot;,&quot;tablet&quot;]}]}\">\n\t\t\t\t\t\t<div class=\"elementor-container elementor-column-gap-no\">\n\t\t\t\t\t<div class=\"elementor-column elementor-col-50 elementor-inner-column elementor-element elementor-element-ede3be8\" data-id=\"ede3be8\" data-element_type=\"column\" data-e-type=\"column\">\n\t\t\t<div class=\"elementor-widget-wrap elementor-element-populated\">\n\t\t\t\t\t\t<div class=\"elementor-element elementor-element-d4c6558 elementor-widget elementor-widget-heading\" data-id=\"d4c6558\" data-element_type=\"widget\" data-e-type=\"widget\" data-widget_type=\"heading.default\">\n\t\t\t\t\t<h5 class=\"elementor-heading-title elementor-size-default\"><a href=\"https:\/\/www.bilbaodendak.eus\/soy-un-comercio\/\">&lt; denda bat naiz<\/a><\/h5>\t\t\t\t<\/div>\n\t\t\t\t<div class=\"elementor-element elementor-element-2dda851 elementor-widget elementor-widget-heading\" data-id=\"2dda851\" data-element_type=\"widget\" data-e-type=\"widget\" data-widget_type=\"heading.default\">\n\t\t\t\t\t<h1 class=\"elementor-heading-title elementor-size-default\">bilbaoDendak free Wifi<\/h1>\t\t\t\t<\/div>\n\t\t\t\t<div class=\"elementor-element elementor-element-395be98 elementor-hidden-phone elementor-widget-divider--view-line elementor-widget elementor-widget-divider\" data-id=\"395be98\" data-element_type=\"widget\" data-e-type=\"widget\" data-widget_type=\"divider.default\">\n\t\t\t\t\t\t\t<div class=\"elementor-divider\">\n\t\t\t<span class=\"elementor-divider-separator\">\n\t\t\t\t\t\t<\/span>\n\t\t<\/div>\n\t\t\t\t\t\t<\/div>\n\t\t\t\t\t<\/div>\n\t\t<\/div>\n\t\t\t\t<div class=\"elementor-column elementor-col-50 elementor-inner-column elementor-element elementor-element-eb47d77\" data-id=\"eb47d77\" data-element_type=\"column\" data-e-type=\"column\">\n\t\t\t<div class=\"elementor-widget-wrap elementor-element-populated\">\n\t\t\t\t\t\t<div class=\"elementor-element elementor-element-958e8be elementor-align-right elementor-mobile-align-left elementor-widget elementor-widget-button\" data-id=\"958e8be\" data-element_type=\"widget\" data-e-type=\"widget\" data-widget_type=\"button.default\">\n\t\t\t\t\t\t\t\t\t\t<a class=\"elementor-button elementor-button-link elementor-size-sm\" href=\"https:\/\/bilbaodendak.befreewifi.info\/intranet\/es\/clientes-login.php\" target=\"_blank\" rel=\"nofollow noopener\">\n\t\t\t\t\t\t<span class=\"elementor-button-content-wrapper\">\n\t\t\t\t\t\t\t\t\t<span class=\"elementor-button-text\">Nire Wifi datuak<\/span>\n\t\t\t\t\t<\/span>\n\t\t\t\t\t<\/a>\n\t\t\t\t\t\t\t\t<\/div>\n\t\t\t\t\t<\/div>\n\t\t<\/div>\n\t\t\t\t\t<\/div>\n\t\t<\/section>\n\t\t\t\t<div class=\"elementor-element elementor-element-3358824 elementor-widget elementor-widget-text-editor\" data-id=\"3358824\" data-element_type=\"widget\" data-e-type=\"widget\" data-widget_type=\"text-editor.default\">\n\t\t\t\t\t\t\t\t\t<p><strong>bilbao<\/strong>Dendak lidera la digitalizaci\u00f3n del comercio de Bilbao<\/p>\n<p>Con el <strong>proyecto #BilbaoDendakFreeWifi<\/strong>, seleccionados para formar parte del Banco de Casos Pr\u00e1cticos Innovadores de la Agencia Vasca de la Innovaci\u00f3n, Innobasque.<\/p>\n<ul>\n<li>Creciendo cada d\u00eda, <strong>#BilbaoDendakFreeWifi crea una red wifi gratuita del comercio de #Bilbao<\/strong> ofreciendo una conexi\u00f3n f\u00e1cil y segura a los clientes.<\/li>\n<\/ul>\n<ul>\n<li><strong>BilbaoDendak Free Wifi <\/strong>se trata de una iniciativa para adaptar el comercio local al negocio digital y mejorar tanto la imagen del negocio como la experiencia de compra del cliente.<\/li>\n<\/ul>\n<ul>\n<li>El proyecto #BilbaoDendakFreeWifi es una herramienta de inteligencia comercial para que el comercio pueda conocer mejor a sus clientes y tomar decisiones adaptadas a sus gustos.<\/li>\n<\/ul>\n\t\t\t\t\t\t\t\t<\/div>\n\t\t\t\t<div class=\"elementor-element elementor-element-737fd75 elementor-widget elementor-widget-text-editor\" data-id=\"737fd75\" data-element_type=\"widget\" data-e-type=\"widget\" data-widget_type=\"text-editor.default\">\n\t\t\t\t\t\t\t\t\t<p>El Comercio de Bilbao da un paso en el proceso de adaptaci\u00f3n a las nuevas tecnolog\u00edas con la puesta en marcha de <strong>#BilbaoDendakFreeWifi<\/strong>, un proyecto de la plataforma para la promoci\u00f3n del sector comercial y tur\u00edstica de Bilbao, apoyada por el Ayuntamiento de Bilbao, Gobierno Vasco y C\u00e1mara de Comercio, que va a dotar a sus comercios y establecimientos de una red segura y gratuita de acceso a Internet dentro de los propios locales.<\/p>\n\t\t\t\t\t\t\t\t<\/div>\n\t\t\t\t<div class=\"elementor-element elementor-element-c3af271 elementor-widget elementor-widget-text-editor\" data-id=\"c3af271\" data-element_type=\"widget\" data-e-type=\"widget\" data-widget_type=\"text-editor.default\">\n\t\t\t\t\t\t\t\t\t<p><strong>#BilbaoDendakFreeWifi<\/strong> es un servicio de valor a\u00f1adido que proporciona una <strong>red de acceso a internet libre, segura y 100% gratuita<\/strong>, de la que se beneficiar\u00e1n tanto los comercios como su clientela. Los primeros consiguen mejoras en t\u00e9rminos de cobertura, navegaci\u00f3n y seguridad de su red, adem\u00e1s de obtener datos estad\u00edsticos sobre el perfil del p\u00fablico que acude al establecimiento, garantizando su anonimato. Adem\u00e1s, el comercio podr\u00e1 disponer de datos reales de los h\u00e1bitos de compra, necesidades y gustos de su clientela, lo que les permitir\u00e1 tomar decisiones m\u00e1s acertadas para su negocio.<\/p>\n\t\t\t\t\t\t\t\t<\/div>\n\t\t\t\t<div class=\"elementor-element elementor-element-b185342 elementor-widget elementor-widget-text-editor\" data-id=\"b185342\" data-element_type=\"widget\" data-e-type=\"widget\" data-widget_type=\"text-editor.default\">\n\t\t\t\t\t\t\t\t\t<p><strong>COMERCIALES A LA RED #BILBAODENDAKFREEWIFI<\/strong><\/p>\n<p>Est\u00e1n disponibles para todos los comercios que participan o quieran participar en la red, sin ning\u00fan tipo de coste.<\/p>\n\t\t\t\t\t\t\t\t<\/div>\n\t\t\t\t<div class=\"elementor-element elementor-element-e777b57 elementor-widget elementor-widget-text-editor\" data-id=\"e777b57\" data-element_type=\"widget\" data-e-type=\"widget\" data-widget_type=\"text-editor.default\">\n\t\t\t\t\t\t\t\t\t<h4><strong>CLICK&amp;COLLECT<\/strong><\/h4>\n<p>El sistema CLICK&amp;COLLECT facilita que los clientes que se encuentran fuera del establecimiento puedan realizar su pedido desde sus dispositivos m\u00f3viles, sin tener que esperar para entrar o ser atendidos. Basta con que se conecte a la red #BilbaoDendakFreeWiFi y cumplimenten el formulario. El establecimiento recibir\u00e1 el pedido inmediatamente, en la direcci\u00f3n de correo electr\u00f3nico que se asigne.<\/p>\n<p>El establecimiento puede definir contenidos diferentes a mostrar a los usuarios en 6 horarios diferentes.<\/p>\n<p><strong>Video demostraci\u00f3n Click&amp;Collect<\/strong> <span style=\"text-decoration: underline;\"><a href=\"https:\/\/youtu.be\/Umx7Fin86eA\" rel=\"nofollow noopener\" target=\"_blank\"><strong>https:\/\/youtu.be\/Umx7Fin86eA<\/strong><\/a><\/span><\/p>\n\t\t\t\t\t\t\t\t<\/div>\n\t\t\t\t<div class=\"elementor-element elementor-element-1b7f730 elementor-widget elementor-widget-video\" data-id=\"1b7f730\" data-element_type=\"widget\" data-e-type=\"widget\" data-settings=\"{&quot;youtube_url&quot;:&quot;https:\\\/\\\/youtu.be\\\/Umx7Fin86eA&quot;,&quot;video_type&quot;:&quot;youtube&quot;,&quot;controls&quot;:&quot;yes&quot;}\" data-widget_type=\"video.default\">\n\t\t\t\t\t\t\t<div class=\"elementor-wrapper elementor-open-inline\">\n\t\t\t<div class=\"elementor-video\"><\/div>\t\t<\/div>\n\t\t\t\t\t\t<\/div>\n\t\t\t\t<div class=\"elementor-element elementor-element-f62d571 elementor-widget elementor-widget-text-editor\" data-id=\"f62d571\" data-element_type=\"widget\" data-e-type=\"widget\" data-widget_type=\"text-editor.default\">\n\t\t\t\t\t\t\t\t\t<p><strong><u>Requisitos:<\/u><\/strong><\/p>\n<ul>\n<li>Participar en la red #BilbaoDendak FreeWiFi. Si no participas a\u00fan en la red, todav\u00eda puedes darte de alta sin ning\u00fan tipo de coste.<\/li>\n<\/ul>\n<ul>\n<li>Definir los contenidos a mostrar en el formulario. Para facilitar el uso de la herramienta entre los clientes, te sugerimos que los contenidos sean concretos y limitados.<\/li>\n<\/ul>\n<ul>\n<li>Disponer de un correo electr\u00f3nico.<\/li>\n<\/ul>\n\t\t\t\t\t\t\t\t<\/div>\n\t\t\t\t<div class=\"elementor-element elementor-element-db25523 elementor-widget elementor-widget-text-editor\" data-id=\"db25523\" data-element_type=\"widget\" data-e-type=\"widget\" data-widget_type=\"text-editor.default\">\n\t\t\t\t\t\t\t\t\t<h4><strong>ACCESO R\u00c1PIDO<\/strong><\/h4>\n<p class=\"s3\">Los clientes no van a poder estar mucho tiempo en los establecimientos.<\/p>\n<p class=\"s3\">Con el ACCESO R\u00c1PIDO facilitar\u00e1s a los clientes que te visiten el contenido digital que consideres oportuno, como por ejemplo, normas de funcionamiento en el establecimiento, promociones, anuncios.<\/p>\n<p class=\"s3\">Tan solo tienen que conectarse a la red #BilbaoDendak Free WiFi.<\/p>\n<p class=\"s3\"><strong><span class=\"s11\">Video demostraci\u00f3n Acceso Directo<\/span><\/strong> <span style=\"text-decoration: underline;\"><strong><a href=\"https:\/\/youtu.be\/uGocKED0m94\" rel=\"nofollow noopener\" target=\"_blank\"><span class=\"s11\">https:\/\/youtu.be\/uGocKED0m94<\/span><\/a><\/strong><\/span><\/p>\n\t\t\t\t\t\t\t\t<\/div>\n\t\t\t\t<div class=\"elementor-element elementor-element-f1a6ee4 elementor-widget elementor-widget-video\" data-id=\"f1a6ee4\" data-element_type=\"widget\" data-e-type=\"widget\" data-settings=\"{&quot;youtube_url&quot;:&quot;https:\\\/\\\/youtu.be\\\/uGocKED0m94&quot;,&quot;video_type&quot;:&quot;youtube&quot;,&quot;controls&quot;:&quot;yes&quot;}\" data-widget_type=\"video.default\">\n\t\t\t\t\t\t\t<div class=\"elementor-wrapper elementor-open-inline\">\n\t\t\t<div class=\"elementor-video\"><\/div>\t\t<\/div>\n\t\t\t\t\t\t<\/div>\n\t\t\t\t<div class=\"elementor-element elementor-element-78c291e elementor-widget elementor-widget-text-editor\" data-id=\"78c291e\" data-element_type=\"widget\" data-e-type=\"widget\" data-widget_type=\"text-editor.default\">\n\t\t\t\t\t\t\t\t\t<p><strong><u>Requisitos:<\/u><\/strong><\/p>\n<ul>\n<li class=\"s3\">Participar en la red #BilbaoDendak FreeWiFi. Si no participas a\u00fan en la red, todav\u00eda puedes darte de alta.<\/li>\n<li class=\"s3\">Formatos admitidos: Imagen (jpg) y Video (mp4)<\/li>\n<li class=\"s3\">Definir los contenidos a mostrar en el formulario. Nuestro colaborador SUUMA&amp;B10 Projects te puede facilitar algunas plantillas y videos tipo<\/li>\n<\/ul>\n\t\t\t\t\t\t\t\t<\/div>\n\t\t\t\t<div class=\"elementor-element elementor-element-c715d7d elementor-widget elementor-widget-text-editor\" data-id=\"c715d7d\" data-element_type=\"widget\" data-e-type=\"widget\" data-widget_type=\"text-editor.default\">\n\t\t\t\t\t\t\t\t\t<p><span class=\"s13\">PARA INTEGRAR EL SISTEMA O SOLICITAR M\u00c1S INFORMACI\u00d3N ACERCA DE CUALQUIERA DE ESTAS DOS NUEVAS APLICACIONES, O SI TODAV\u00cdA NO FORMAS PARTES DE LA RED #BILBAODENDAK FREEWIFI Y QUIERES UNIRTE, PUEDES PONERTE EN CONTACTO CON NOSOTROS EN EL CORREO <\/span><strong><a href=\"mailto:info@bilbaodendak.eus\"><span class=\"s14\">info@bilbaodendak.eus<\/span><\/a><\/strong><span class=\"s13\"> o <strong>94 600 22 00<\/strong><\/span><\/p>\n\t\t\t\t\t\t\t\t<\/div>\n\t\t\t\t\t<\/div>\n\t\t<\/div>\n\t\t\t\t\t<\/div>\n\t\t<\/section>\n\t\t\t\t<\/div>\n\t\t","protected":false},"excerpt":{"rendered":"<p>&lt; denda bat naiz bilbaoDendak free Wifi Nire Wifi datuak bilbaoDendak lidera la digitalizaci\u00f3n del comercio de Bilbao Con el proyecto #BilbaoDendakFreeWifi, seleccionados para formar parte del Banco de Casos Pr\u00e1cticos Innovadores de la Agencia Vasca de la Innovaci\u00f3n, Innobasque. Creciendo cada d\u00eda, #BilbaoDendakFreeWifi crea una red wifi gratuita del comercio de #Bilbao ofreciendo una [&hellip;]<\/p>\n","protected":false},"author":2,"featured_media":30019,"parent":0,"menu_order":0,"comment_status":"closed","ping_status":"closed","template":"elementor_header_footer","meta":{"footnotes":""},"class_list":["post-25607","page","type-page","status-publish","has-post-thumbnail","hentry"],"_links":{"self":[{"href":"https:\/\/www.bilbaodendak.eus\/eu\/wp-json\/wp\/v2\/pages\/25607","targetHints":{"allow":["GET"]}}],"collection":[{"href":"https:\/\/www.bilbaodendak.eus\/eu\/wp-json\/wp\/v2\/pages"}],"about":[{"href":"https:\/\/www.bilbaodendak.eus\/eu\/wp-json\/wp\/v2\/types\/page"}],"author":[{"embeddable":true,"href":"https:\/\/www.bilbaodendak.eus\/eu\/wp-json\/wp\/v2\/users\/2"}],"replies":[{"embeddable":true,"href":"https:\/\/www.bilbaodendak.eus\/eu\/wp-json\/wp\/v2\/comments?post=25607"}],"version-history":[{"count":0,"href":"https:\/\/www.bilbaodendak.eus\/eu\/wp-json\/wp\/v2\/pages\/25607\/revisions"}],"wp:featuredmedia":[{"embeddable":true,"href":"https:\/\/www.bilbaodendak.eus\/eu\/wp-json\/wp\/v2\/media\/30019"}],"wp:attachment":[{"href":"https:\/\/www.bilbaodendak.eus\/eu\/wp-json\/wp\/v2\/media?parent=25607"}],"curies":[{"name":"wp","href":"https:\/\/api.w.org\/{rel}","templated":true}]}}